{"id":1712,"date":"2025-08-16T21:26:32","date_gmt":"2025-08-16T19:26:32","guid":{"rendered":"https:\/\/etal.se\/evangelieinstitutet\/?post_type=product&#038;p=1712"},"modified":"2025-08-16T21:26:55","modified_gmt":"2025-08-16T19:26:55","slug":"lektion-4-rattfardighetens-frukt-del-1","status":"publish","type":"product","link":"https:\/\/etal.se\/evangelieinstitutet\/produkt\/lektion-4-rattfardighetens-frukt-del-1\/","title":{"rendered":"Lektion 4: R\u00e4ttf\u00e4rdighetens frukt, del 1"},"content":{"rendered":"<p>Detta avsnitt \u00e4r en del av denna kurs <a href=\"https:\/\/etal.se\/evangelieinstitutet\/produkt\/rattfardigheten\/\">R\u00e4ttf\u00e4rdigheten \u2013 Evangelieinstitutet<\/a><\/p>\n<p>Varje lektion f\u00f6ljer du med hj\u00e4lp av utbildningsmaterialet (PDF) som du hittar under ditt konto eller som skickades till din epost n\u00e4r du k\u00f6pte kursen.<\/p>\n","protected":false},"excerpt":{"rendered":"<p>Detta avsnitt \u00e4r en del av denna kurs R\u00e4ttf\u00e4rdigheten \u2013 Evangelieinstitutet Varje lektion f\u00f6ljer du med hj\u00e4lp av utbildningsmaterialet (PDF) som du hittar under ditt konto eller som skickades till din epost n\u00e4r du k\u00f6pte kursen.<\/p>\n","protected":false},"featured_media":1706,"comment_status":"open","ping_status":"closed","template":"elementor_canvas","meta":[],"product_brand":[],"product_cat":[86],"product_tag":[],"wpstream_actors":[],"wpstream_category":[],"wpstream_movie_rating":[],"class_list":{"0":"post-1712","1":"product","2":"type-product","3":"status-publish","4":"has-post-thumbnail","6":"product_cat-rattfardigheten","8":"first","9":"instock","10":"virtual","11":"taxable","12":"purchasable","13":"product-type-video_on_demand"},"_links":{"self":[{"href":"https:\/\/etal.se\/evangelieinstitutet\/wp-json\/wp\/v2\/product\/1712","targetHints":{"allow":["GET"]}}],"collection":[{"href":"https:\/\/etal.se\/evangelieinstitutet\/wp-json\/wp\/v2\/product"}],"about":[{"href":"https:\/\/etal.se\/evangelieinstitutet\/wp-json\/wp\/v2\/types\/product"}],"replies":[{"embeddable":true,"href":"https:\/\/etal.se\/evangelieinstitutet\/wp-json\/wp\/v2\/comments?post=1712"}],"version-history":[{"count":1,"href":"https:\/\/etal.se\/evangelieinstitutet\/wp-json\/wp\/v2\/product\/1712\/revisions"}],"predecessor-version":[{"id":1713,"href":"https:\/\/etal.se\/evangelieinstitutet\/wp-json\/wp\/v2\/product\/1712\/revisions\/1713"}],"wp:featuredmedia":[{"embeddable":true,"href":"https:\/\/etal.se\/evangelieinstitutet\/wp-json\/wp\/v2\/media\/1706"}],"wp:attachment":[{"href":"https:\/\/etal.se\/evangelieinstitutet\/wp-json\/wp\/v2\/media?parent=1712"}],"wp:term":[{"taxonomy":"product_brand","embeddable":true,"href":"https:\/\/etal.se\/evangelieinstitutet\/wp-json\/wp\/v2\/product_brand?post=1712"},{"taxonomy":"product_cat","embeddable":true,"href":"https:\/\/etal.se\/evangelieinstitutet\/wp-json\/wp\/v2\/product_cat?post=1712"},{"taxonomy":"product_tag","embeddable":true,"href":"https:\/\/etal.se\/evangelieinstitutet\/wp-json\/wp\/v2\/product_tag?post=1712"},{"taxonomy":"wpstream_actors","embeddable":true,"href":"https:\/\/etal.se\/evangelieinstitutet\/wp-json\/wp\/v2\/wpstream_actors?post=1712"},{"taxonomy":"wpstream_category","embeddable":true,"href":"https:\/\/etal.se\/evangelieinstitutet\/wp-json\/wp\/v2\/wpstream_category?post=1712"},{"taxonomy":"wpstream_movie_rating","embeddable":true,"href":"https:\/\/etal.se\/evangelieinstitutet\/wp-json\/wp\/v2\/wpstream_movie_rating?post=1712"}],"curies":[{"name":"wp","href":"https:\/\/api.w.org\/{rel}","templated":true}]}}