{"id":1499,"date":"2025-02-27T17:38:02","date_gmt":"2025-02-27T16:38:02","guid":{"rendered":"https:\/\/etal.se\/evangelieinstitutet\/?post_type=product&#038;p=1499"},"modified":"2025-02-28T13:24:26","modified_gmt":"2025-02-28T12:24:26","slug":"lektion-2-kristus-ordet","status":"publish","type":"product","link":"https:\/\/etal.se\/evangelieinstitutet\/produkt\/lektion-2-kristus-ordet\/","title":{"rendered":"Lektion 2 &#8211; Kristus &#8211; Ordet"},"content":{"rendered":"<p>Detta avsnitt \u00e4r en del av denna kurs<br \/>\n<a href=\"https:\/\/etal.se\/evangelieinstitutet\/produkt\/kristus-ordet\/\">Kristus &#8211; Ordet \u2013 Evangelieinstitutet<\/a><\/p>\n<p>Varje lektion f\u00f6ljer du med hj\u00e4lp av utbildningsmaterialet (PDF) som du hittar under ditt konto eller som skickades till din epost n\u00e4r du k\u00f6pte kursen.<\/p>\n","protected":false},"excerpt":{"rendered":"<p>Detta avsnitt \u00e4r en del av denna kurs Kristus &#8211; Ordet \u2013 Evangelieinstitutet Varje lektion f\u00f6ljer du med hj\u00e4lp av utbildningsmaterialet (PDF) som du hittar under ditt konto eller som skickades till din epost n\u00e4r du k\u00f6pte kursen.<\/p>\n","protected":false},"featured_media":1293,"comment_status":"open","ping_status":"closed","template":"elementor_canvas","meta":[],"product_brand":[],"product_cat":[85],"product_tag":[],"wpstream_actors":[],"wpstream_category":[],"wpstream_movie_rating":[],"class_list":{"0":"post-1499","1":"product","2":"type-product","3":"status-publish","4":"has-post-thumbnail","6":"product_cat-kristus-ordet","8":"first","9":"instock","10":"virtual","11":"taxable","12":"purchasable","13":"product-type-video_on_demand"},"_links":{"self":[{"href":"https:\/\/etal.se\/evangelieinstitutet\/wp-json\/wp\/v2\/product\/1499","targetHints":{"allow":["GET"]}}],"collection":[{"href":"https:\/\/etal.se\/evangelieinstitutet\/wp-json\/wp\/v2\/product"}],"about":[{"href":"https:\/\/etal.se\/evangelieinstitutet\/wp-json\/wp\/v2\/types\/product"}],"replies":[{"embeddable":true,"href":"https:\/\/etal.se\/evangelieinstitutet\/wp-json\/wp\/v2\/comments?post=1499"}],"version-history":[{"count":2,"href":"https:\/\/etal.se\/evangelieinstitutet\/wp-json\/wp\/v2\/product\/1499\/revisions"}],"predecessor-version":[{"id":1504,"href":"https:\/\/etal.se\/evangelieinstitutet\/wp-json\/wp\/v2\/product\/1499\/revisions\/1504"}],"wp:featuredmedia":[{"embeddable":true,"href":"https:\/\/etal.se\/evangelieinstitutet\/wp-json\/wp\/v2\/media\/1293"}],"wp:attachment":[{"href":"https:\/\/etal.se\/evangelieinstitutet\/wp-json\/wp\/v2\/media?parent=1499"}],"wp:term":[{"taxonomy":"product_brand","embeddable":true,"href":"https:\/\/etal.se\/evangelieinstitutet\/wp-json\/wp\/v2\/product_brand?post=1499"},{"taxonomy":"product_cat","embeddable":true,"href":"https:\/\/etal.se\/evangelieinstitutet\/wp-json\/wp\/v2\/product_cat?post=1499"},{"taxonomy":"product_tag","embeddable":true,"href":"https:\/\/etal.se\/evangelieinstitutet\/wp-json\/wp\/v2\/product_tag?post=1499"},{"taxonomy":"wpstream_actors","embeddable":true,"href":"https:\/\/etal.se\/evangelieinstitutet\/wp-json\/wp\/v2\/wpstream_actors?post=1499"},{"taxonomy":"wpstream_category","embeddable":true,"href":"https:\/\/etal.se\/evangelieinstitutet\/wp-json\/wp\/v2\/wpstream_category?post=1499"},{"taxonomy":"wpstream_movie_rating","embeddable":true,"href":"https:\/\/etal.se\/evangelieinstitutet\/wp-json\/wp\/v2\/wpstream_movie_rating?post=1499"}],"curies":[{"name":"wp","href":"https:\/\/api.w.org\/{rel}","templated":true}]}}