{"id":1433,"date":"2025-02-26T17:38:03","date_gmt":"2025-02-26T16:38:03","guid":{"rendered":"https:\/\/etal.se\/evangelieinstitutet\/?post_type=product&#038;p=1433"},"modified":"2025-02-26T17:48:54","modified_gmt":"2025-02-26T16:48:54","slug":"lektion-1-nya-forbundet-i-kristus-jesus","status":"publish","type":"product","link":"https:\/\/etal.se\/evangelieinstitutet\/produkt\/lektion-1-nya-forbundet-i-kristus-jesus\/","title":{"rendered":"Lektion 1 &#8211; Nya f\u00f6rbundet \u2013 i Kristus Jesus"},"content":{"rendered":"<p>Detta avsnitt \u00e4r en del av denna kurs<br \/>\n<a href=\"https:\/\/etal.se\/evangelieinstitutet\/produkt\/nya-forbundet-i-kristus-jesus\/\">Nya f\u00f6rbundet \u2013 i Kristus Jesus<\/a><\/p>\n<p>Varje lektion f\u00f6ljer du med hj\u00e4lp av utbildningsmaterialet (PDF) som du hittar under ditt konto eller som skickades till din epost n\u00e4r du k\u00f6pte kursen.<\/p>\n","protected":false},"excerpt":{"rendered":"<p>Detta avsnitt \u00e4r en del av denna kurs Nya f\u00f6rbundet \u2013 i Kristus Jesus Varje lektion f\u00f6ljer du med hj\u00e4lp av utbildningsmaterialet (PDF) som du hittar under ditt konto eller som skickades till din epost n\u00e4r du k\u00f6pte kursen.<\/p>\n","protected":false},"featured_media":1292,"comment_status":"open","ping_status":"closed","template":"elementor_canvas","meta":[],"product_brand":[],"product_cat":[84],"product_tag":[],"wpstream_actors":[],"wpstream_category":[],"wpstream_movie_rating":[],"class_list":{"0":"post-1433","1":"product","2":"type-product","3":"status-publish","4":"has-post-thumbnail","6":"product_cat-nya-forbundet-i-kristus-jesus","8":"first","9":"instock","10":"virtual","11":"taxable","12":"purchasable","13":"product-type-video_on_demand"},"_links":{"self":[{"href":"https:\/\/etal.se\/evangelieinstitutet\/wp-json\/wp\/v2\/product\/1433","targetHints":{"allow":["GET"]}}],"collection":[{"href":"https:\/\/etal.se\/evangelieinstitutet\/wp-json\/wp\/v2\/product"}],"about":[{"href":"https:\/\/etal.se\/evangelieinstitutet\/wp-json\/wp\/v2\/types\/product"}],"replies":[{"embeddable":true,"href":"https:\/\/etal.se\/evangelieinstitutet\/wp-json\/wp\/v2\/comments?post=1433"}],"version-history":[{"count":3,"href":"https:\/\/etal.se\/evangelieinstitutet\/wp-json\/wp\/v2\/product\/1433\/revisions"}],"predecessor-version":[{"id":1436,"href":"https:\/\/etal.se\/evangelieinstitutet\/wp-json\/wp\/v2\/product\/1433\/revisions\/1436"}],"wp:featuredmedia":[{"embeddable":true,"href":"https:\/\/etal.se\/evangelieinstitutet\/wp-json\/wp\/v2\/media\/1292"}],"wp:attachment":[{"href":"https:\/\/etal.se\/evangelieinstitutet\/wp-json\/wp\/v2\/media?parent=1433"}],"wp:term":[{"taxonomy":"product_brand","embeddable":true,"href":"https:\/\/etal.se\/evangelieinstitutet\/wp-json\/wp\/v2\/product_brand?post=1433"},{"taxonomy":"product_cat","embeddable":true,"href":"https:\/\/etal.se\/evangelieinstitutet\/wp-json\/wp\/v2\/product_cat?post=1433"},{"taxonomy":"product_tag","embeddable":true,"href":"https:\/\/etal.se\/evangelieinstitutet\/wp-json\/wp\/v2\/product_tag?post=1433"},{"taxonomy":"wpstream_actors","embeddable":true,"href":"https:\/\/etal.se\/evangelieinstitutet\/wp-json\/wp\/v2\/wpstream_actors?post=1433"},{"taxonomy":"wpstream_category","embeddable":true,"href":"https:\/\/etal.se\/evangelieinstitutet\/wp-json\/wp\/v2\/wpstream_category?post=1433"},{"taxonomy":"wpstream_movie_rating","embeddable":true,"href":"https:\/\/etal.se\/evangelieinstitutet\/wp-json\/wp\/v2\/wpstream_movie_rating?post=1433"}],"curies":[{"name":"wp","href":"https:\/\/api.w.org\/{rel}","templated":true}]}}