{"id":1403,"date":"2025-01-24T14:41:48","date_gmt":"2025-01-24T13:41:48","guid":{"rendered":"https:\/\/etal.se\/evangelieinstitutet\/?post_type=product&#038;p=1403"},"modified":"2025-05-22T22:24:06","modified_gmt":"2025-05-22T20:24:06","slug":"kristus-ordet","status":"publish","type":"product","link":"https:\/\/etal.se\/evangelieinstitutet\/produkt\/kristus-ordet\/","title":{"rendered":"Kristus &#8211; Ordet"},"content":{"rendered":"<p>Denna kurs \u00e4r p\u00e5 \u00e5tta lektioner och handlar om Ordet &#8211; Kristus. Varje lektion \u00e4r p\u00e5 ca 40 minuter.<\/p>\n<p>Varje lektion f\u00f6ljer du med hj\u00e4lp av utbildningsmaterialet (PDF) som du hittar under ditt konto eller som skickades till din epost n\u00e4r du k\u00f6pte kursen.<\/p>\n","protected":false},"excerpt":{"rendered":"<p>Denna kurs \u00e4r p\u00e5 \u00e5tta lektioner och handlar om Ordet &#8211; Kristus. Varje lektion \u00e4r p\u00e5 ca 40 minuter.  L\u00e4rare Jakob Wendesten.<\/p>\n","protected":false},"featured_media":1293,"comment_status":"open","ping_status":"closed","template":"elementor_canvas","meta":[],"product_brand":[],"product_cat":[85],"product_tag":[],"wpstream_actors":[],"wpstream_category":[],"wpstream_movie_rating":[],"class_list":{"0":"post-1403","1":"product","2":"type-product","3":"status-publish","4":"has-post-thumbnail","6":"product_cat-kristus-ordet","8":"first","9":"instock","10":"featured","11":"downloadable","12":"virtual","13":"sold-individually","14":"taxable","15":"purchasable","16":"product-type-wpstream_bundle"},"_links":{"self":[{"href":"https:\/\/etal.se\/evangelieinstitutet\/wp-json\/wp\/v2\/product\/1403","targetHints":{"allow":["GET"]}}],"collection":[{"href":"https:\/\/etal.se\/evangelieinstitutet\/wp-json\/wp\/v2\/product"}],"about":[{"href":"https:\/\/etal.se\/evangelieinstitutet\/wp-json\/wp\/v2\/types\/product"}],"replies":[{"embeddable":true,"href":"https:\/\/etal.se\/evangelieinstitutet\/wp-json\/wp\/v2\/comments?post=1403"}],"version-history":[{"count":8,"href":"https:\/\/etal.se\/evangelieinstitutet\/wp-json\/wp\/v2\/product\/1403\/revisions"}],"predecessor-version":[{"id":1553,"href":"https:\/\/etal.se\/evangelieinstitutet\/wp-json\/wp\/v2\/product\/1403\/revisions\/1553"}],"wp:featuredmedia":[{"embeddable":true,"href":"https:\/\/etal.se\/evangelieinstitutet\/wp-json\/wp\/v2\/media\/1293"}],"wp:attachment":[{"href":"https:\/\/etal.se\/evangelieinstitutet\/wp-json\/wp\/v2\/media?parent=1403"}],"wp:term":[{"taxonomy":"product_brand","embeddable":true,"href":"https:\/\/etal.se\/evangelieinstitutet\/wp-json\/wp\/v2\/product_brand?post=1403"},{"taxonomy":"product_cat","embeddable":true,"href":"https:\/\/etal.se\/evangelieinstitutet\/wp-json\/wp\/v2\/product_cat?post=1403"},{"taxonomy":"product_tag","embeddable":true,"href":"https:\/\/etal.se\/evangelieinstitutet\/wp-json\/wp\/v2\/product_tag?post=1403"},{"taxonomy":"wpstream_actors","embeddable":true,"href":"https:\/\/etal.se\/evangelieinstitutet\/wp-json\/wp\/v2\/wpstream_actors?post=1403"},{"taxonomy":"wpstream_category","embeddable":true,"href":"https:\/\/etal.se\/evangelieinstitutet\/wp-json\/wp\/v2\/wpstream_category?post=1403"},{"taxonomy":"wpstream_movie_rating","embeddable":true,"href":"https:\/\/etal.se\/evangelieinstitutet\/wp-json\/wp\/v2\/wpstream_movie_rating?post=1403"}],"curies":[{"name":"wp","href":"https:\/\/api.w.org\/{rel}","templated":true}]}}