{"id":1300,"date":"2025-02-20T18:55:59","date_gmt":"2025-02-20T17:55:59","guid":{"rendered":"https:\/\/etal.se\/evangelieinstitutet\/?post_type=product&#038;p=1300"},"modified":"2025-09-18T20:01:39","modified_gmt":"2025-09-18T18:01:39","slug":"nya-forbundet-i-kristus-jesus","status":"publish","type":"product","link":"https:\/\/etal.se\/evangelieinstitutet\/produkt\/nya-forbundet-i-kristus-jesus\/","title":{"rendered":"Nya f\u00f6rbundet &#8211; i Kristus Jesus"},"content":{"rendered":"<p>Denna kurs \u00e4r p\u00e5 tio lektioner och handlar om det Nya f\u00f6rbundet i Kristus Jesus. Varje lektion \u00e4r p\u00e5 ca 40 minuter.<\/p>\n<p>Varje lektion f\u00f6ljer du med hj\u00e4lp av utbildningsmaterialet (PDF) som du hittar under ditt konto eller som skickades till din epost n\u00e4r du k\u00f6pte kursen.<\/p>\n","protected":false},"excerpt":{"rendered":"<p>Denna kurs \u00e4r p\u00e5 tio lektioner och handlar om det Nya f\u00f6rbundet i Kristus Jesus. Varje lektion \u00e4r p\u00e5 ca 40 minuter. L\u00e4rare Marcus Saukkonen.<br \/>\nPris 350:-<\/p>\n","protected":false},"featured_media":1292,"comment_status":"open","ping_status":"closed","template":"","meta":[],"product_brand":[],"product_cat":[84],"product_tag":[],"wpstream_actors":[],"wpstream_category":[],"wpstream_movie_rating":[],"class_list":{"0":"post-1300","1":"product","2":"type-product","3":"status-publish","4":"has-post-thumbnail","6":"product_cat-nya-forbundet-i-kristus-jesus","8":"first","9":"instock","10":"featured","11":"downloadable","12":"virtual","13":"sold-individually","14":"taxable","15":"purchasable","16":"product-type-wpstream_bundle"},"_links":{"self":[{"href":"https:\/\/etal.se\/evangelieinstitutet\/wp-json\/wp\/v2\/product\/1300","targetHints":{"allow":["GET"]}}],"collection":[{"href":"https:\/\/etal.se\/evangelieinstitutet\/wp-json\/wp\/v2\/product"}],"about":[{"href":"https:\/\/etal.se\/evangelieinstitutet\/wp-json\/wp\/v2\/types\/product"}],"replies":[{"embeddable":true,"href":"https:\/\/etal.se\/evangelieinstitutet\/wp-json\/wp\/v2\/comments?post=1300"}],"version-history":[{"count":9,"href":"https:\/\/etal.se\/evangelieinstitutet\/wp-json\/wp\/v2\/product\/1300\/revisions"}],"predecessor-version":[{"id":1495,"href":"https:\/\/etal.se\/evangelieinstitutet\/wp-json\/wp\/v2\/product\/1300\/revisions\/1495"}],"wp:featuredmedia":[{"embeddable":true,"href":"https:\/\/etal.se\/evangelieinstitutet\/wp-json\/wp\/v2\/media\/1292"}],"wp:attachment":[{"href":"https:\/\/etal.se\/evangelieinstitutet\/wp-json\/wp\/v2\/media?parent=1300"}],"wp:term":[{"taxonomy":"product_brand","embeddable":true,"href":"https:\/\/etal.se\/evangelieinstitutet\/wp-json\/wp\/v2\/product_brand?post=1300"},{"taxonomy":"product_cat","embeddable":true,"href":"https:\/\/etal.se\/evangelieinstitutet\/wp-json\/wp\/v2\/product_cat?post=1300"},{"taxonomy":"product_tag","embeddable":true,"href":"https:\/\/etal.se\/evangelieinstitutet\/wp-json\/wp\/v2\/product_tag?post=1300"},{"taxonomy":"wpstream_actors","embeddable":true,"href":"https:\/\/etal.se\/evangelieinstitutet\/wp-json\/wp\/v2\/wpstream_actors?post=1300"},{"taxonomy":"wpstream_category","embeddable":true,"href":"https:\/\/etal.se\/evangelieinstitutet\/wp-json\/wp\/v2\/wpstream_category?post=1300"},{"taxonomy":"wpstream_movie_rating","embeddable":true,"href":"https:\/\/etal.se\/evangelieinstitutet\/wp-json\/wp\/v2\/wpstream_movie_rating?post=1300"}],"curies":[{"name":"wp","href":"https:\/\/api.w.org\/{rel}","templated":true}]}}