{"id":1226,"date":"2025-02-26T14:53:46","date_gmt":"2025-02-26T13:53:46","guid":{"rendered":"https:\/\/etal.se\/evangelieinstitutet\/?post_type=product&#038;p=1226"},"modified":"2025-05-22T22:09:51","modified_gmt":"2025-05-22T20:09:51","slug":"guds-evangelium-budskapet-till-varlden-2","status":"publish","type":"product","link":"https:\/\/etal.se\/evangelieinstitutet\/produkt\/guds-evangelium-budskapet-till-varlden-2\/","title":{"rendered":"Guds Evangelium \u2013 budskapet till v\u00e4rlden"},"content":{"rendered":"<p>Guds Evangelium &#8211; budskapet till v\u00e4rlden<br \/>\nDenna kurs \u00e4r p\u00e5 tolv lektioner och handlar om Guds Evangelium &#8211; budskapet till v\u00e4rlden. Varje lektion \u00e4r p\u00e5 ca 40 minuter. L\u00e4rare Peter Ljunggren.<br \/>\nkostar 350:-<\/p>\n","protected":false},"excerpt":{"rendered":"<p>Denna kurs \u00e4r p\u00e5 tolv lektioner och handlar om Guds Evangelium &#8211; budskapet till v\u00e4rlden. Varje lektion \u00e4r p\u00e5 ca 40 minuter. L\u00e4rare Peter Ljunggren.<\/p>\n","protected":false},"featured_media":1281,"comment_status":"open","ping_status":"closed","template":"","meta":[],"product_brand":[],"product_cat":[79,83],"product_tag":[],"wpstream_actors":[],"wpstream_category":[],"wpstream_movie_rating":[],"class_list":{"0":"post-1226","1":"product","2":"type-product","3":"status-publish","4":"has-post-thumbnail","6":"product_cat-guds-evangelium-budskapet-till-varlden","7":"product_cat-peter-ljunggrens","9":"first","10":"instock","11":"featured","12":"downloadable","13":"virtual","14":"sold-individually","15":"taxable","16":"purchasable","17":"product-type-wpstream_bundle"},"_links":{"self":[{"href":"https:\/\/etal.se\/evangelieinstitutet\/wp-json\/wp\/v2\/product\/1226","targetHints":{"allow":["GET"]}}],"collection":[{"href":"https:\/\/etal.se\/evangelieinstitutet\/wp-json\/wp\/v2\/product"}],"about":[{"href":"https:\/\/etal.se\/evangelieinstitutet\/wp-json\/wp\/v2\/types\/product"}],"replies":[{"embeddable":true,"href":"https:\/\/etal.se\/evangelieinstitutet\/wp-json\/wp\/v2\/comments?post=1226"}],"version-history":[{"count":6,"href":"https:\/\/etal.se\/evangelieinstitutet\/wp-json\/wp\/v2\/product\/1226\/revisions"}],"predecessor-version":[{"id":1540,"href":"https:\/\/etal.se\/evangelieinstitutet\/wp-json\/wp\/v2\/product\/1226\/revisions\/1540"}],"wp:featuredmedia":[{"embeddable":true,"href":"https:\/\/etal.se\/evangelieinstitutet\/wp-json\/wp\/v2\/media\/1281"}],"wp:attachment":[{"href":"https:\/\/etal.se\/evangelieinstitutet\/wp-json\/wp\/v2\/media?parent=1226"}],"wp:term":[{"taxonomy":"product_brand","embeddable":true,"href":"https:\/\/etal.se\/evangelieinstitutet\/wp-json\/wp\/v2\/product_brand?post=1226"},{"taxonomy":"product_cat","embeddable":true,"href":"https:\/\/etal.se\/evangelieinstitutet\/wp-json\/wp\/v2\/product_cat?post=1226"},{"taxonomy":"product_tag","embeddable":true,"href":"https:\/\/etal.se\/evangelieinstitutet\/wp-json\/wp\/v2\/product_tag?post=1226"},{"taxonomy":"wpstream_actors","embeddable":true,"href":"https:\/\/etal.se\/evangelieinstitutet\/wp-json\/wp\/v2\/wpstream_actors?post=1226"},{"taxonomy":"wpstream_category","embeddable":true,"href":"https:\/\/etal.se\/evangelieinstitutet\/wp-json\/wp\/v2\/wpstream_category?post=1226"},{"taxonomy":"wpstream_movie_rating","embeddable":true,"href":"https:\/\/etal.se\/evangelieinstitutet\/wp-json\/wp\/v2\/wpstream_movie_rating?post=1226"}],"curies":[{"name":"wp","href":"https:\/\/api.w.org\/{rel}","templated":true}]}}