{"id":2,"date":"2025-02-05T20:57:27","date_gmt":"2025-02-05T19:57:27","guid":{"rendered":"https:\/\/etal.se\/evangelieinstitutet\/?page_id=2"},"modified":"2025-09-23T17:02:51","modified_gmt":"2025-09-23T15:02:51","slug":"exempelsida","status":"publish","type":"page","link":"https:\/\/etal.se\/evangelieinstitutet\/","title":{"rendered":"Evangelieinstitutet"},"content":{"rendered":"\t\t<div data-elementor-type=\"wp-page\" data-elementor-id=\"2\" class=\"elementor elementor-2\" data-elementor-post-type=\"page\">\n\t\t\t\t<div class=\"elementor-element elementor-element-9575dcc e-con-full e-flex e-con e-parent\" data-id=\"9575dcc\" data-element_type=\"container\" data-settings=\"{&quot;background_background&quot;:&quot;classic&quot;}\">\n\t\t<div class=\"elementor-element elementor-element-65862f2 e-grid e-con-boxed e-con e-child\" data-id=\"65862f2\" data-element_type=\"container\">\n\t\t\t\t\t<div class=\"e-con-inner\">\n\t\t\t\t<div class=\"elementor-element elementor-element-6e73a34 elementor-widget elementor-widget-heading\" data-id=\"6e73a34\" data-element_type=\"widget\" data-widget_type=\"heading.default\">\n\t\t\t\t<div class=\"elementor-widget-container\">\n\t\t\t\t\t<h2 class=\"elementor-heading-title elementor-size-default\">Evangelieinstitutet \u00e4r skolan f\u00f6r dig som \u00e4r kallad av Gud, och f\u00f6r dig som vill v\u00e4xa i kunskapen om Kristus, och i din relation med honom. \n<\/h2>\t\t\t\t<\/div>\n\t\t\t\t<\/div>\n\t\t\t\t\t<\/div>\n\t\t\t\t<\/div>\n\t\t\t\t<\/div>\n\t\t<div class=\"elementor-element elementor-element-78d0f3e e-grid e-con-boxed e-con e-parent\" data-id=\"78d0f3e\" data-element_type=\"container\" data-settings=\"{&quot;background_background&quot;:&quot;classic&quot;}\">\n\t\t\t\t\t<div class=\"e-con-inner\">\n\t\t\t\t<div class=\"elementor-element elementor-element-acec567 elementor-widget elementor-widget-text-editor\" data-id=\"acec567\" data-element_type=\"widget\" data-widget_type=\"text-editor.default\">\n\t\t\t\t<div class=\"elementor-widget-container\">\n\t\t\t\t\t\t\t\t\t<h3 class=\"PackageComparison_heading__VIdp5\"><span style=\"color: #6ec1e4;\">V\u00e4x i din tro, f\u00f6rdjupa din kunskap <\/span><span style=\"color: #6ec1e4;\">\u2013 helt i din egen takt.<\/span><\/h3><p class=\"PackageComparison_heading__VIdp5\">Oavsett om du \u00e4r ny i tron eller har l\u00e4st Bibeln i m\u00e5nga \u00e5r kommer du att f\u00e5 nya insikter och uppt\u00e4cka hur levande och relevant Guds ord \u00e4r idag.<\/p>\t\t\t\t\t\t\t\t<\/div>\n\t\t\t\t<\/div>\n\t\t\t\t<div class=\"elementor-element elementor-element-b58c2a3 elementor-widget elementor-widget-text-editor\" data-id=\"b58c2a3\" data-element_type=\"widget\" data-widget_type=\"text-editor.default\">\n\t\t\t\t<div class=\"elementor-widget-container\">\n\t\t\t\t\t\t\t\t\t<h3 class=\"PackageComparison_heading__VIdp5\"><span style=\"color: #6ec1e4;\">K\u00f6p och f\u00e5 omedelbar tillg\u00e5ng till kursen!<\/span><\/h3>\n<p class=\"PackageComparison_heading__VIdp5\">&#8211; Inspelade lektioner som du kan se n\u00e4r det passar dig<br>&#8211; F\u00f6rdjupande material och studieguider<br>&#8211; Studera helt i din egen takt<\/p>\t\t\t\t\t\t\t\t<\/div>\n\t\t\t\t<\/div>\n\t\t\t\t<div class=\"elementor-element elementor-element-1511842 elementor-widget elementor-widget-text-editor\" data-id=\"1511842\" data-element_type=\"widget\" data-widget_type=\"text-editor.default\">\n\t\t\t\t<div class=\"elementor-widget-container\">\n\t\t\t\t\t\t\t\t\t<h3 class=\"PackageComparison_heading__VIdp5\"><span style=\"color: #6ec1e4;\">Om du har fr\u00e5gor om kurserna eller beh\u00f6ver teknisk support.<\/span><\/h3><p class=\"PackageComparison_heading__VIdp5\">Maila till oss p\u00e5 <strong>info@etal.se<\/strong> <br \/>eller ring <strong>036-121210<\/strong><\/p>\t\t\t\t\t\t\t\t<\/div>\n\t\t\t\t<\/div>\n\t\t\t\t\t<\/div>\n\t\t\t\t<\/div>\n\t\t<div class=\"elementor-element elementor-element-d2e51a9 e-grid e-con-boxed e-con e-parent\" data-id=\"d2e51a9\" data-element_type=\"container\">\n\t\t\t\t\t<div class=\"e-con-inner\">\n\t\t\t\t<div class=\"elementor-element elementor-element-0b1cc05 elementor-cta--layout-image-above e-transform e-transform elementor-cta--skin-classic elementor-animated-content elementor-bg-transform elementor-bg-transform-zoom-in elementor-widget elementor-widget-call-to-action\" data-id=\"0b1cc05\" data-element_type=\"widget\" data-settings=\"{&quot;_transform_scale_effect_hover&quot;:{&quot;unit&quot;:&quot;px&quot;,&quot;size&quot;:1.02,&quot;sizes&quot;:[]},&quot;_transform_scale_effect&quot;:{&quot;unit&quot;:&quot;px&quot;,&quot;size&quot;:&quot;&quot;,&quot;sizes&quot;:[]},&quot;_transform_scale_effect_tablet&quot;:{&quot;unit&quot;:&quot;px&quot;,&quot;size&quot;:&quot;&quot;,&quot;sizes&quot;:[]},&quot;_transform_scale_effect_mobile&quot;:{&quot;unit&quot;:&quot;px&quot;,&quot;size&quot;:&quot;&quot;,&quot;sizes&quot;:[]},&quot;_transform_scale_effect_hover_tablet&quot;:{&quot;unit&quot;:&quot;px&quot;,&quot;size&quot;:&quot;&quot;,&quot;sizes&quot;:[]},&quot;_transform_scale_effect_hover_mobile&quot;:{&quot;unit&quot;:&quot;px&quot;,&quot;size&quot;:&quot;&quot;,&quot;sizes&quot;:[]}}\" data-widget_type=\"call-to-action.default\">\n\t\t\t\t<div class=\"elementor-widget-container\">\n\t\t\t\t\t\t\t<a class=\"elementor-cta\" href=\"https:\/\/etal.se\/evangelieinstitutet\/produkt\/rattfardigheten\/\">\n\t\t\t\t\t\t\t<div class=\"elementor-cta__content\">\n\t\t\t\t\t\t\t\t\t<div class=\"elementor-content-item elementor-cta__content-item elementor-cta__image\">\n\t\t\t\t\t\t<img fetchpriority=\"high\" decoding=\"async\" width=\"1400\" height=\"883\" src=\"https:\/\/etal.se\/evangelieinstitutet\/wp-content\/uploads\/2025\/08\/rattfardighet-start.jpg\" class=\"attachment-1536x1536 size-1536x1536 wp-image-1720\" alt=\"\" srcset=\"https:\/\/etal.se\/evangelieinstitutet\/wp-content\/uploads\/2025\/08\/rattfardighet-start.jpg 1400w, https:\/\/etal.se\/evangelieinstitutet\/wp-content\/uploads\/2025\/08\/rattfardighet-start-300x189.jpg 300w, https:\/\/etal.se\/evangelieinstitutet\/wp-content\/uploads\/2025\/08\/rattfardighet-start-1024x646.jpg 1024w, https:\/\/etal.se\/evangelieinstitutet\/wp-content\/uploads\/2025\/08\/rattfardighet-start-768x484.jpg 768w, https:\/\/etal.se\/evangelieinstitutet\/wp-content\/uploads\/2025\/08\/rattfardighet-start-600x378.jpg 600w\" sizes=\"(max-width: 1400px) 100vw, 1400px\" \/>\t\t\t\t\t<\/div>\n\t\t\t\t\n\t\t\t\t\t\t\t\t\t<h2 class=\"elementor-cta__title elementor-cta__content-item elementor-content-item\">\n\t\t\t\t\t\tR\u00e4ttf\u00e4rdighet\t\t\t\t\t<\/h2>\n\t\t\t\t\n\t\t\t\t\t\t\t\t\t<div class=\"elementor-cta__description elementor-cta__content-item elementor-content-item\">\n\t\t\t\t\t\tDenna kurs \u00e4r p\u00e5 \u00e5tta lektioner och handlar om r\u00e4ttf\u00e4rdighet. Varje lektion \u00e4r p\u00e5 ca 40 minuter. L\u00e4rare Marcus Saukkonen<br><strong>kostar 350:-<\/strong>\t\t\t\t\t<\/div>\n\t\t\t\t\n\t\t\t\t\t\t\t<\/div>\n\t\t\t\t\t\t\t<div class=\"elementor-ribbon elementor-ribbon-left\">\n\t\t\t\t<div class=\"elementor-ribbon-inner\">\n\t\t\t\t\tBibelkurs\t\t\t\t<\/div>\n\t\t\t<\/div>\n\t\t\t\t<\/a>\n\t\t\t\t\t\t<\/div>\n\t\t\t\t<\/div>\n\t\t\t\t<div class=\"elementor-element elementor-element-63b88c8 elementor-cta--layout-image-above e-transform e-transform elementor-cta--skin-classic elementor-animated-content elementor-bg-transform elementor-bg-transform-zoom-in elementor-widget elementor-widget-call-to-action\" data-id=\"63b88c8\" data-element_type=\"widget\" data-settings=\"{&quot;_transform_scale_effect_hover&quot;:{&quot;unit&quot;:&quot;px&quot;,&quot;size&quot;:1.02,&quot;sizes&quot;:[]},&quot;_transform_scale_effect&quot;:{&quot;unit&quot;:&quot;px&quot;,&quot;size&quot;:&quot;&quot;,&quot;sizes&quot;:[]},&quot;_transform_scale_effect_tablet&quot;:{&quot;unit&quot;:&quot;px&quot;,&quot;size&quot;:&quot;&quot;,&quot;sizes&quot;:[]},&quot;_transform_scale_effect_mobile&quot;:{&quot;unit&quot;:&quot;px&quot;,&quot;size&quot;:&quot;&quot;,&quot;sizes&quot;:[]},&quot;_transform_scale_effect_hover_tablet&quot;:{&quot;unit&quot;:&quot;px&quot;,&quot;size&quot;:&quot;&quot;,&quot;sizes&quot;:[]},&quot;_transform_scale_effect_hover_mobile&quot;:{&quot;unit&quot;:&quot;px&quot;,&quot;size&quot;:&quot;&quot;,&quot;sizes&quot;:[]}}\" data-widget_type=\"call-to-action.default\">\n\t\t\t\t<div class=\"elementor-widget-container\">\n\t\t\t\t\t\t\t<a class=\"elementor-cta\" href=\"https:\/\/etal.se\/evangelieinstitutet\/produkt\/guds-evangelium-budskapet-till-varlden-2\/\">\n\t\t\t\t\t\t\t<div class=\"elementor-cta__content\">\n\t\t\t\t\t\t\t\t\t<div class=\"elementor-content-item elementor-cta__content-item elementor-cta__image\">\n\t\t\t\t\t\t<img decoding=\"async\" width=\"1400\" height=\"883\" src=\"https:\/\/etal.se\/evangelieinstitutet\/wp-content\/uploads\/2025\/02\/peter-25.jpg\" class=\"attachment-1536x1536 size-1536x1536 wp-image-1281\" alt=\"\" srcset=\"https:\/\/etal.se\/evangelieinstitutet\/wp-content\/uploads\/2025\/02\/peter-25.jpg 1400w, https:\/\/etal.se\/evangelieinstitutet\/wp-content\/uploads\/2025\/02\/peter-25-300x189.jpg 300w, https:\/\/etal.se\/evangelieinstitutet\/wp-content\/uploads\/2025\/02\/peter-25-1024x646.jpg 1024w, https:\/\/etal.se\/evangelieinstitutet\/wp-content\/uploads\/2025\/02\/peter-25-768x484.jpg 768w, https:\/\/etal.se\/evangelieinstitutet\/wp-content\/uploads\/2025\/02\/peter-25-600x378.jpg 600w\" sizes=\"(max-width: 1400px) 100vw, 1400px\" \/>\t\t\t\t\t<\/div>\n\t\t\t\t\n\t\t\t\t\t\t\t\t\t<h2 class=\"elementor-cta__title elementor-cta__content-item elementor-content-item\">\n\t\t\t\t\t\tGuds Evangelium - budskapet till v\u00e4rlden\t\t\t\t\t<\/h2>\n\t\t\t\t\n\t\t\t\t\t\t\t\t\t<div class=\"elementor-cta__description elementor-cta__content-item elementor-content-item\">\n\t\t\t\t\t\tDenna kurs \u00e4r p\u00e5 tolv lektioner och handlar om Guds Evangelium - budskapet till v\u00e4rlden. Varje lektion \u00e4r p\u00e5 ca 40 minuter. L\u00e4rare Peter Ljunggren.<br><strong>kostar 350:-<\/strong>\t\t\t\t\t<\/div>\n\t\t\t\t\n\t\t\t\t\t\t\t<\/div>\n\t\t\t\t\t\t\t<div class=\"elementor-ribbon elementor-ribbon-left\">\n\t\t\t\t<div class=\"elementor-ribbon-inner\">\n\t\t\t\t\tBibelkurs\t\t\t\t<\/div>\n\t\t\t<\/div>\n\t\t\t\t<\/a>\n\t\t\t\t\t\t<\/div>\n\t\t\t\t<\/div>\n\t\t\t\t<div class=\"elementor-element elementor-element-f1e3bf5 elementor-cta--layout-image-above e-transform elementor-cta--skin-classic elementor-animated-content elementor-bg-transform elementor-bg-transform-zoom-in elementor-widget elementor-widget-call-to-action\" data-id=\"f1e3bf5\" data-element_type=\"widget\" data-settings=\"{&quot;_transform_scale_effect_hover&quot;:{&quot;unit&quot;:&quot;px&quot;,&quot;size&quot;:1.02,&quot;sizes&quot;:[]},&quot;_transform_scale_effect_hover_tablet&quot;:{&quot;unit&quot;:&quot;px&quot;,&quot;size&quot;:&quot;&quot;,&quot;sizes&quot;:[]},&quot;_transform_scale_effect_hover_mobile&quot;:{&quot;unit&quot;:&quot;px&quot;,&quot;size&quot;:&quot;&quot;,&quot;sizes&quot;:[]}}\" data-widget_type=\"call-to-action.default\">\n\t\t\t\t<div class=\"elementor-widget-container\">\n\t\t\t\t\t\t\t<a class=\"elementor-cta\" href=\"https:\/\/etal.se\/evangelieinstitutet\/produkt\/nya-forbundet-i-kristus-jesus\/\">\n\t\t\t\t\t\t\t<div class=\"elementor-cta__content\">\n\t\t\t\t\t\t\t\t\t<div class=\"elementor-content-item elementor-cta__content-item elementor-cta__image\">\n\t\t\t\t\t\t<img decoding=\"async\" width=\"1400\" height=\"883\" src=\"https:\/\/etal.se\/evangelieinstitutet\/wp-content\/uploads\/2025\/02\/macus-25.jpg\" class=\"attachment-1536x1536 size-1536x1536 wp-image-1292\" alt=\"\" srcset=\"https:\/\/etal.se\/evangelieinstitutet\/wp-content\/uploads\/2025\/02\/macus-25.jpg 1400w, https:\/\/etal.se\/evangelieinstitutet\/wp-content\/uploads\/2025\/02\/macus-25-300x189.jpg 300w, https:\/\/etal.se\/evangelieinstitutet\/wp-content\/uploads\/2025\/02\/macus-25-1024x646.jpg 1024w, https:\/\/etal.se\/evangelieinstitutet\/wp-content\/uploads\/2025\/02\/macus-25-768x484.jpg 768w, https:\/\/etal.se\/evangelieinstitutet\/wp-content\/uploads\/2025\/02\/macus-25-600x378.jpg 600w\" sizes=\"(max-width: 1400px) 100vw, 1400px\" \/>\t\t\t\t\t<\/div>\n\t\t\t\t\n\t\t\t\t\t\t\t\t\t<h2 class=\"elementor-cta__title elementor-cta__content-item elementor-content-item\">\n\t\t\t\t\t\tNya f\u00f6rbundet - i Kristus Jesus\t\t\t\t\t<\/h2>\n\t\t\t\t\n\t\t\t\t\t\t\t\t\t<div class=\"elementor-cta__description elementor-cta__content-item elementor-content-item\">\n\t\t\t\t\t\tDenna kurs \u00e4r p\u00e5 tio lektioner och handlar om det Nya f\u00f6rbundet i Kristus Jesus. Varje lektion \u00e4r p\u00e5 ca 40 minuter.  L\u00e4rare Marcus Saukkonen.<br><strong>Pris 350:-<\/strong>\t\t\t\t\t<\/div>\n\t\t\t\t\n\t\t\t\t\t\t\t<\/div>\n\t\t\t\t\t\t\t<div class=\"elementor-ribbon elementor-ribbon-left\">\n\t\t\t\t<div class=\"elementor-ribbon-inner\">\n\t\t\t\t\tBibelkurs\t\t\t\t<\/div>\n\t\t\t<\/div>\n\t\t\t\t<\/a>\n\t\t\t\t\t\t<\/div>\n\t\t\t\t<\/div>\n\t\t\t\t<div class=\"elementor-element elementor-element-17d2895 elementor-cta--layout-image-above e-transform e-transform elementor-cta--skin-classic elementor-animated-content elementor-bg-transform elementor-bg-transform-zoom-in elementor-widget elementor-widget-call-to-action\" data-id=\"17d2895\" data-element_type=\"widget\" data-settings=\"{&quot;_transform_scale_effect_hover&quot;:{&quot;unit&quot;:&quot;px&quot;,&quot;size&quot;:1.02,&quot;sizes&quot;:[]},&quot;_transform_scale_effect&quot;:{&quot;unit&quot;:&quot;px&quot;,&quot;size&quot;:&quot;&quot;,&quot;sizes&quot;:[]},&quot;_transform_scale_effect_tablet&quot;:{&quot;unit&quot;:&quot;px&quot;,&quot;size&quot;:&quot;&quot;,&quot;sizes&quot;:[]},&quot;_transform_scale_effect_mobile&quot;:{&quot;unit&quot;:&quot;px&quot;,&quot;size&quot;:&quot;&quot;,&quot;sizes&quot;:[]},&quot;_transform_scale_effect_hover_tablet&quot;:{&quot;unit&quot;:&quot;px&quot;,&quot;size&quot;:&quot;&quot;,&quot;sizes&quot;:[]},&quot;_transform_scale_effect_hover_mobile&quot;:{&quot;unit&quot;:&quot;px&quot;,&quot;size&quot;:&quot;&quot;,&quot;sizes&quot;:[]}}\" data-widget_type=\"call-to-action.default\">\n\t\t\t\t<div class=\"elementor-widget-container\">\n\t\t\t\t\t\t\t<a class=\"elementor-cta\" href=\"https:\/\/etal.se\/evangelieinstitutet\/produkt\/namn-pa-kursen\/\">\n\t\t\t\t\t\t\t<div class=\"elementor-cta__content\">\n\t\t\t\t\t\t\t\t\t<div class=\"elementor-content-item elementor-cta__content-item elementor-cta__image\">\n\t\t\t\t\t\t<img loading=\"lazy\" decoding=\"async\" width=\"1400\" height=\"883\" src=\"https:\/\/etal.se\/evangelieinstitutet\/wp-content\/uploads\/2025\/02\/jacob-25.jpg\" class=\"attachment-1536x1536 size-1536x1536 wp-image-1293\" alt=\"\" srcset=\"https:\/\/etal.se\/evangelieinstitutet\/wp-content\/uploads\/2025\/02\/jacob-25.jpg 1400w, https:\/\/etal.se\/evangelieinstitutet\/wp-content\/uploads\/2025\/02\/jacob-25-300x189.jpg 300w, https:\/\/etal.se\/evangelieinstitutet\/wp-content\/uploads\/2025\/02\/jacob-25-1024x646.jpg 1024w, https:\/\/etal.se\/evangelieinstitutet\/wp-content\/uploads\/2025\/02\/jacob-25-768x484.jpg 768w, https:\/\/etal.se\/evangelieinstitutet\/wp-content\/uploads\/2025\/02\/jacob-25-600x378.jpg 600w\" sizes=\"(max-width: 1400px) 100vw, 1400px\" \/>\t\t\t\t\t<\/div>\n\t\t\t\t\n\t\t\t\t\t\t\t\t\t<h2 class=\"elementor-cta__title elementor-cta__content-item elementor-content-item\">\n\t\t\t\t\t\tKristus - Ordet\t\t\t\t\t<\/h2>\n\t\t\t\t\n\t\t\t\t\t\t\t\t\t<div class=\"elementor-cta__description elementor-cta__content-item elementor-content-item\">\n\t\t\t\t\t\tDenna kurs \u00e4r p\u00e5 \u00e5tta lektioner och handlar om Ordet - Kristus. Varje lektion \u00e4r p\u00e5 ca 40 minuter.  L\u00e4rare Jakob Wendesten. <br><strong>Pris 350:-<\/strong>\t\t\t\t\t<\/div>\n\t\t\t\t\n\t\t\t\t\t\t\t<\/div>\n\t\t\t\t\t\t\t<div class=\"elementor-ribbon elementor-ribbon-left\">\n\t\t\t\t<div class=\"elementor-ribbon-inner\">\n\t\t\t\t\tBibelkurs\t\t\t\t<\/div>\n\t\t\t<\/div>\n\t\t\t\t<\/a>\n\t\t\t\t\t\t<\/div>\n\t\t\t\t<\/div>\n\t\t\t\t\t<\/div>\n\t\t\t\t<\/div>\n\t\t<div class=\"elementor-element elementor-element-d670efd e-con-full e-flex e-con e-parent\" data-id=\"d670efd\" data-element_type=\"container\" data-settings=\"{&quot;background_background&quot;:&quot;classic&quot;}\">\n\t\t<div class=\"elementor-element elementor-element-7b1cdd5 e-grid e-con-boxed e-con e-child\" data-id=\"7b1cdd5\" data-element_type=\"container\">\n\t\t\t\t\t<div class=\"e-con-inner\">\n\t\t\t\t<div class=\"elementor-element elementor-element-878d2ba elementor-widget elementor-widget-text-editor\" data-id=\"878d2ba\" data-element_type=\"widget\" data-widget_type=\"text-editor.default\">\n\t\t\t\t<div class=\"elementor-widget-container\">\n\t\t\t\t\t\t\t\t\t<strong><span style=\"color: #6ec1e4;\">Om kurserna<\/span><\/strong><br>\nEvangelieinstitutets kurser kommer ifr\u00e5n ETALs internationella bibelskola som har utexaminerat\u00a0mer \u00e4n 4000 elever.\t\t\t\t\t\t\t\t<\/div>\n\t\t\t\t<\/div>\n\t\t\t\t<div class=\"elementor-element elementor-element-547aab8 elementor-widget elementor-widget-text-editor\" data-id=\"547aab8\" data-element_type=\"widget\" data-widget_type=\"text-editor.default\">\n\t\t\t\t<div class=\"elementor-widget-container\">\n\t\t\t\t\t\t\t\t\t<strong><span style=\"color: #6EC1E4;\">F\u00f6r vem \u00e4r kurserna?<\/span><\/strong><br>Skolan \u00e4r f\u00f6r dig som \u00e4r kallad av Gud, och f\u00f6r dig som vill v\u00e4xa i kunskapen om Kristus, och i din relation med honom. Du studerar i din egen takt.\t\t\t\t\t\t\t\t<\/div>\n\t\t\t\t<\/div>\n\t\t\t\t<div class=\"elementor-element elementor-element-fc2e5da elementor-widget elementor-widget-text-editor\" data-id=\"fc2e5da\" data-element_type=\"widget\" data-widget_type=\"text-editor.default\">\n\t\t\t\t<div class=\"elementor-widget-container\">\n\t\t\t\t\t\t\t\t\t<p><strong><span style=\"color: #6ec1e4;\">\u00c4r du ETALS underst\u00f6djare?<\/span><\/strong><br \/>ETALs underst\u00f6djare som ger 200 kr per m\u00e5nad eller mer, har obegr\u00e4nsad<br \/>tillg\u00e5ng till Evangelieinstitutets kurser. F\u00f6r mer information kontakta info@etal.se<\/p>\t\t\t\t\t\t\t\t<\/div>\n\t\t\t\t<\/div>\n\t\t\t\t\t<\/div>\n\t\t\t\t<\/div>\n\t\t\t\t<\/div>\n\t\t\t\t<\/div>\n\t\t","protected":false},"excerpt":{"rendered":"<p>Evangelieinstitutet \u00e4r skolan f\u00f6r dig som \u00e4r kallad av Gud, och f\u00f6r dig som vill v\u00e4xa i kunskapen om Kristus, och i din relation med honom. V\u00e4x i din tro, f\u00f6rdjupa din kunskap \u2013 helt i din egen takt. Oavsett om du \u00e4r ny i tron eller har l\u00e4st Bibeln i m\u00e5nga \u00e5r kommer du [&hellip;]<\/p>\n","protected":false},"author":1,"featured_media":0,"parent":0,"menu_order":0,"comment_status":"closed","ping_status":"open","template":"elementor_header_footer","meta":{"footnotes":""},"class_list":["post-2","page","type-page","status-publish","hentry"],"_links":{"self":[{"href":"https:\/\/etal.se\/evangelieinstitutet\/wp-json\/wp\/v2\/pages\/2","targetHints":{"allow":["GET"]}}],"collection":[{"href":"https:\/\/etal.se\/evangelieinstitutet\/wp-json\/wp\/v2\/pages"}],"about":[{"href":"https:\/\/etal.se\/evangelieinstitutet\/wp-json\/wp\/v2\/types\/page"}],"author":[{"embeddable":true,"href":"https:\/\/etal.se\/evangelieinstitutet\/wp-json\/wp\/v2\/users\/1"}],"replies":[{"embeddable":true,"href":"https:\/\/etal.se\/evangelieinstitutet\/wp-json\/wp\/v2\/comments?post=2"}],"version-history":[{"count":123,"href":"https:\/\/etal.se\/evangelieinstitutet\/wp-json\/wp\/v2\/pages\/2\/revisions"}],"predecessor-version":[{"id":1781,"href":"https:\/\/etal.se\/evangelieinstitutet\/wp-json\/wp\/v2\/pages\/2\/revisions\/1781"}],"wp:attachment":[{"href":"https:\/\/etal.se\/evangelieinstitutet\/wp-json\/wp\/v2\/media?parent=2"}],"curies":[{"name":"wp","href":"https:\/\/api.w.org\/{rel}","templated":true}]}}